{"id":10,"date":"2017-07-12T11:32:01","date_gmt":"2017-07-12T11:32:01","guid":{"rendered":"http:\/\/www.xn--tyventalot-s5a8s.fi\/?page_id=10"},"modified":"2026-04-22T15:28:05","modified_gmt":"2026-04-22T15:28:05","slug":"suomen-tyovaentalojen-liitto-ry","status":"publish","type":"page","link":"https:\/\/tyovaentalot.fi\/","title":{"rendered":"Suomen Ty\u00f6v\u00e4entalojen Liitto ry"},"content":{"rendered":"\n<h2 class=\"wp-block-heading\"><strong>Tradekan s\u00e4\u00e4ti\u00f6n avustusten haku<\/strong><\/h2>\n\n\n\n<p>Avustushausta on l\u00e4hetetty j\u00e4senille s\u00e4hk\u00f6postitiedote ja ohjeet. Haku p\u00e4\u00e4ttyy 22.5.2026.<\/p>\n\n\n\n<h2 class=\"wp-block-heading\"><strong>Keskusj\u00e4rjest\u00f6jen yhteinen kannanotto<\/strong><\/h2>\n\n\n\n<p>Seurantaloilla on iso merkitys paikalliselle kriisinkest\u00e4vyydelle. Talot ovat monilla seuduilla ainoita tiloja, joissa voidaan j\u00e4rjest\u00e4\u00e4 apua ja turvaa.  Seurantalojen turvaaminen on osa Suomen kriisivalmiutta. Siksi seurantalojen korjausavustusta olisi v\u00e4ltt\u00e4m\u00e4t\u00f6nt\u00e4 korottaa, vetoaa yhdeks\u00e4n seurantaloja yll\u00e4pit\u00e4v\u00e4\u00e4 keskusj\u00e4rjest\u00f6\u00e4: Suomen Nuorisoseurat, Finlands Svenska Ungdomsf\u00f6rbund, Suomen Kyl\u00e4t, Suomen Ty\u00f6v\u00e4entalojen Liitto, Raittiuden Yst\u00e4v\u00e4t, Finlands svenska Marthaf\u00f6rbund, ProAgria Keskusten Liitto, Finlands svenska hembydgsf\u00f6rbund ja Suomen Kotiseutuliitto. Lue lis\u00e4\u00e4 <a href=\"https:\/\/kotiseutuliitto.fi\/seurantalot-turvaavat-suomen-kriittista-infrastruktuuria\/\" data-type=\"link\" data-id=\"https:\/\/kotiseutuliitto.fi\/seurantalot-turvaavat-suomen-kriittista-infrastruktuuria\/\" target=\"_blank\" rel=\"noreferrer noopener\">Kotiseutuliiton sivuilta.<\/a><\/p>\n\n\n\n<h2 class=\"wp-block-heading\"><strong>Vuoden 2026 liiton edustajakokous <\/strong><\/h2>\n\n\n\n<p>Ensi vuoden edustajakokous j\u00e4rjestet\u00e4\u00e4n 8.-9.5.2026 Hyvink\u00e4\u00e4ll\u00e4. Kutsut on l\u00e4hetetty j\u00e4senille.<\/p>\n\n\n\n<h2 class=\"wp-block-heading\"><strong>Ovatko talonne tiedot ajan tasalla seurantalot.fi-sivustolla?<\/strong><\/h2>\n\n\n\n<p>Kotiseutuliiton koordinoima<a href=\"http:\/\/seurantalot.fi\" data-type=\"link\" data-id=\"seurantalot.fi\" target=\"_blank\" rel=\"noreferrer noopener\">&nbsp;seurantalot.fi<\/a>&nbsp;on markkinapaikka seurantalojen tilanvuokraustoiminnan tueksi. Sivuilla esitell\u00e4\u00e4n l\u00e4hes 1700 seurantaloa ymp\u00e4ri Suomen. Sivuilta l\u00f6ytyy lis\u00e4ksi paljon tietoa seurantalojen korjaamisesta.<\/p>\n\n\n\n<p>Jos talonne tiedot puuttuvat sivuilta kokonaan tai tunnukset ovat kadonneet, ota yhteytt\u00e4 s\u00e4hk\u00f6postilla Kotiseutuliittoon seurantalot @kotiseutuliitto.fi.<\/p>\n\n\n\n<p>Oman talosivun yll\u00e4pito on maksutonta seuraaviin keskusj\u00e4rjest\u00f6ihin kuuluville yhdistyksille: Suomen Nuorisoseurat, Suomen Ty\u00f6v\u00e4entalojen Liitto, Kansantalojen Liitto, Suomen pelastusalan keskusj\u00e4rjest\u00f6 SPEK, Pro Agria -keskusten liitto, Suomen Kotiseutuliitto, Finlands Svenska Ungdomsf\u00f6rbund FSU ja Raittiuden Yst\u00e4v\u00e4t.<\/p>\n\n\n\n<h2 class=\"wp-block-heading\"><strong>Vuoden 2025 ty\u00f6v\u00e4entaloksi Iisalmen ty\u00f6v\u00e4entalo<\/strong><\/h2>\n\n\n\n<p>Edustajakokouksessa 9.-10.5.2025 palkittiin j\u00e4lleen vuoden ty\u00f6v\u00e4entalo. T\u00e4n\u00e4 vuonna kunnianosoituksen saivat kokousis\u00e4nn\u00e4t eli Iisalmen Ty\u00f6v\u00e4entalo. Palkinnon vastaanottivat kokousillallisen yhteydess\u00e4 Ensio Tikkanen ja Pekka Ruotsalainen. Kiit\u00e4mme kokouksesta ja onnittelemme!<\/p>\n\n\n\n<figure class=\"wp-block-image size-large\"><img loading=\"lazy\" decoding=\"async\" width=\"1024\" height=\"768\" src=\"https:\/\/tyovaentalot.fi\/wp-content\/uploads\/2025\/06\/Ilallinen-Iisalmi-1024x768.jpg\" alt=\"\" class=\"wp-image-138\" srcset=\"https:\/\/tyovaentalot.fi\/wp-content\/uploads\/2025\/06\/Ilallinen-Iisalmi-1024x768.jpg 1024w, https:\/\/tyovaentalot.fi\/wp-content\/uploads\/2025\/06\/Ilallinen-Iisalmi-300x225.jpg 300w, https:\/\/tyovaentalot.fi\/wp-content\/uploads\/2025\/06\/Ilallinen-Iisalmi-768x576.jpg 768w, https:\/\/tyovaentalot.fi\/wp-content\/uploads\/2025\/06\/Ilallinen-Iisalmi-1536x1152.jpg 1536w, https:\/\/tyovaentalot.fi\/wp-content\/uploads\/2025\/06\/Ilallinen-Iisalmi.jpg 2000w\" sizes=\"auto, (max-width: 706px) 89vw, (max-width: 767px) 82vw, 740px\" \/><\/figure>\n\n\n\n<p><br><strong>Tutustu ty\u00f6v\u00e4entaloihin<a href=\"https:\/\/www.seurantalot.fi\/hae-seurantaloja?hname=&amp;municipality=&amp;province=&amp;city=&amp;zip=&amp;hgroup=11&amp;page=1\" data-type=\"URL\" data-id=\"https:\/\/www.seurantalot.fi\/hae-seurantaloja?hname=&amp;municipality=&amp;province=&amp;city=&amp;zip=&amp;hgroup=11&amp;page=1\" target=\"_blank\" rel=\"noreferrer noopener\"> Kotiseutuliiton seurantalot.fi-sivustolla<\/a><\/strong><\/p>\n\n\n\n<p>Suomalaisten ty\u00f6v\u00e4entalojen edunvalvontaa hoitaa vuonna 1970 perustettu <strong>Suomen Ty\u00f6v\u00e4entalojen liitto ry<\/strong>, johon kuuluu l\u00e4hes 130 ty\u00f6v\u00e4entalon tai muun kiinteist\u00f6n\/huoneiston omistavaa yhdistyst\u00e4. Liiton j\u00e4seneksi p\u00e4\u00e4see pyyt\u00e4m\u00e4ll\u00e4 j\u00e4senyyden hakulomakkeen joltain johtokunnan j\u00e4senelt\u00e4.<\/p>\n\n\n\n<p>Liiton keskeisen\u00e4 toiminta-ajatuksena ja teht\u00e4v\u00e4n\u00e4 on suomalaisten ty\u00f6v\u00e4entalojen ja niit\u00e4 edustavien eri tahojen ja toimijoiden tukeminen ja edunvalvonta. T\u00e4t\u00e4 teht\u00e4v\u00e4\u00e4ns\u00e4 liitto toteuttaa mm.<\/p>\n\n\n\n<ul class=\"wp-block-list\">\n<li>Toimimalla yhdyssiteen\u00e4 j\u00e4senyhdistysten v\u00e4lill\u00e4<\/li>\n\n\n\n<li>Auttamalla j\u00e4seni\u00e4 niiden omistamien ty\u00f6v\u00e4entalojen ja muidein kiinteist\u00f6jen menestyksellisess\u00e4 hoitamisessa.<\/li>\n\n\n\n<li>Edist\u00e4m\u00e4ll\u00e4 ty\u00f6v\u00e4entalojen asemaa ja etua sek\u00e4 suomalaisessa yhteiskunnassa ett\u00e4 sosialidemokraattisessa liikkeess\u00e4.<\/li>\n\n\n\n<li>Yhteisty\u00f6ll\u00e4 muiden seurantaloj\u00e4rjest\u00f6jen kanssa.<\/li>\n\n\n\n<li>Vaikuttamalla keskeisesti vuotuisten seurantalojen korjausavustusten jakoon oikeudenmukaisella sek\u00e4 tarpeet huomioivalla tavalla.<\/li>\n\n\n\n<li>J\u00e4sentaloilleen liitto jakaa vuosittain korjausavustuksia energiataloutta parantaviin remontteihin. Avustuksista tiedotetaan j\u00e4senviestiss\u00e4.<\/li>\n<\/ul>\n\n\n\n<p>STTL:n p\u00e4\u00e4t\u00f6ksentekoelimi\u00e4 ovat edustajakokous ja sen valitsema johtokunta, joka pyrit\u00e4\u00e4n pit\u00e4m\u00e4\u00e4n koko maan kattavana.&nbsp; Johtokunta mm. ohjeistaa liiton edustajan Seurantaloasiain neuvottelukunnassa, joka vuosittain jakaa taloille Opetus- ja kulttuuriministeri\u00f6n korjausavustukset.<\/p>\n\n\n\n<p>Liitolla on pitk\u00e4t perinteet yhteisty\u00f6st\u00e4 nuorisoseurojen, maamiesseurojen, vasemmiston kansantalojen sek\u00e4 pohjoismaisten ty\u00f6v\u00e4entaloj\u00e4rjest\u00f6jen kanssa. Yksityinen henkil\u00f6 voi tukea ty\u00f6v\u00e4entaloja mm. ohjaamalla merkkip\u00e4iv\u00e4onnittelunsa KSR:n Ty\u00f6v\u00e4entalorahastoon.<\/p>\n","protected":false},"excerpt":{"rendered":"<p>Tradekan s\u00e4\u00e4ti\u00f6n avustusten haku Avustushausta on l\u00e4hetetty j\u00e4senille s\u00e4hk\u00f6postitiedote ja ohjeet. Haku p\u00e4\u00e4ttyy 22.5.2026. Keskusj\u00e4rjest\u00f6jen yhteinen kannanotto Seurantaloilla on iso merkitys paikalliselle kriisinkest\u00e4vyydelle. Talot ovat monilla seuduilla ainoita tiloja, joissa voidaan j\u00e4rjest\u00e4\u00e4 apua ja turvaa. Seurantalojen turvaaminen on osa Suomen kriisivalmiutta. Siksi seurantalojen korjausavustusta olisi v\u00e4ltt\u00e4m\u00e4t\u00f6nt\u00e4 korottaa, vetoaa yhdeks\u00e4n seurantaloja yll\u00e4pit\u00e4v\u00e4\u00e4 keskusj\u00e4rjest\u00f6\u00e4: Suomen Nuorisoseurat, Finlands &hellip; <\/p>\n<p class=\"link-more\"><a href=\"https:\/\/tyovaentalot.fi\/\" class=\"more-link\">Jatka lukemista<span class=\"screen-reader-text\"> &#8221;Suomen Ty\u00f6v\u00e4entalojen Liitto ry&#8221;<\/span><\/a><\/p>\n","protected":false},"author":1,"featured_media":0,"parent":0,"menu_order":0,"comment_status":"closed","ping_status":"closed","template":"","meta":{"footnotes":""},"class_list":["post-10","page","type-page","status-publish","hentry"],"_links":{"self":[{"href":"https:\/\/tyovaentalot.fi\/index.php?rest_route=\/wp\/v2\/pages\/10","targetHints":{"allow":["GET"]}}],"collection":[{"href":"https:\/\/tyovaentalot.fi\/index.php?rest_route=\/wp\/v2\/pages"}],"about":[{"href":"https:\/\/tyovaentalot.fi\/index.php?rest_route=\/wp\/v2\/types\/page"}],"author":[{"embeddable":true,"href":"https:\/\/tyovaentalot.fi\/index.php?rest_route=\/wp\/v2\/users\/1"}],"replies":[{"embeddable":true,"href":"https:\/\/tyovaentalot.fi\/index.php?rest_route=%2Fwp%2Fv2%2Fcomments&post=10"}],"version-history":[{"count":49,"href":"https:\/\/tyovaentalot.fi\/index.php?rest_route=\/wp\/v2\/pages\/10\/revisions"}],"predecessor-version":[{"id":155,"href":"https:\/\/tyovaentalot.fi\/index.php?rest_route=\/wp\/v2\/pages\/10\/revisions\/155"}],"wp:attachment":[{"href":"https:\/\/tyovaentalot.fi\/index.php?rest_route=%2Fwp%2Fv2%2Fmedia&parent=10"}],"curies":[{"name":"wp","href":"https:\/\/api.w.org\/{rel}","templated":true}]}}